{"id":565,"date":"2020-10-23T00:15:17","date_gmt":"2020-10-22T22:15:17","guid":{"rendered":"http:\/\/kalerecruitment.com\/?page_id=565"},"modified":"2022-10-24T19:22:54","modified_gmt":"2022-10-24T17:22:54","slug":"wyslij-cv","status":"publish","type":"page","link":"https:\/\/kale2.kalerecruitment.com\/en\/wyslij-cv\/","title":{"rendered":"Send CV"},"content":{"rendered":"<div data-elementor-type=\"wp-page\" data-elementor-id=\"565\" class=\"elementor elementor-565\" data-elementor-settings=\"[]\">\n\t\t\t\t\t\t<div class=\"elementor-inner\">\n\t\t\t\t\t\t\t<div class=\"elementor-section-wrap\">\n\t\t\t\t\t\t\t<section class=\"elementor-section elementor-top-section elementor-element elementor-element-877184a elementor-section-boxed elementor-section-height-default elementor-section-height-default\" data-id=\"877184a\" data-element_type=\"section\" data-settings=\"{&quot;background_background&quot;:&quot;classic&quot;}\">\n\t\t\t\t\t\t<div class=\"elementor-container elementor-column-gap-default\">\n\t\t\t\t\t\t\t<div class=\"elementor-row\">\n\t\t\t\t\t<div class=\"elementor-column elementor-col-100 elementor-top-column elementor-element elementor-element-7dea3ff\" data-id=\"7dea3ff\" data-element_type=\"column\">\n\t\t\t<div class=\"elementor-column-wrap elementor-element-populated\">\n\t\t\t\t\t\t\t<div class=\"elementor-widget-wrap\">\n\t\t\t\t\t\t<div class=\"elementor-element elementor-element-985675d elementor-view-default elementor-widget elementor-widget-icon\" data-id=\"985675d\" data-element_type=\"widget\" data-widget_type=\"icon.default\">\n\t\t\t\t<div class=\"elementor-widget-container\">\n\t\t\t\t\t<div class=\"elementor-icon-wrapper\">\n\t\t\t<div class=\"elementor-icon\">\n\t\t\t<i aria-hidden=\"true\" class=\"fas fa-star\"><\/i>\t\t\t<\/div>\n\t\t<\/div>\n\t\t\t\t<\/div>\n\t\t\t\t<\/div>\n\t\t\t\t<div class=\"elementor-element elementor-element-821abae elementor-widget elementor-widget-heading\" data-id=\"821abae\" data-element_type=\"widget\" data-widget_type=\"heading.default\">\n\t\t\t\t<div class=\"elementor-widget-container\">\n\t\t\t<h2 class=\"elementor-heading-title elementor-size-default\">Send CV<\/h2>\t\t<\/div>\n\t\t\t\t<\/div>\n\t\t\t\t<div class=\"elementor-element elementor-element-961e3d6 elementor-invisible elementor-widget elementor-widget-alert\" data-id=\"961e3d6\" data-element_type=\"widget\" data-settings=\"{&quot;_animation&quot;:&quot;shake&quot;}\" data-widget_type=\"alert.default\">\n\t\t\t\t<div class=\"elementor-widget-container\">\n\t\t\t\t\t<div class=\"elementor-alert elementor-alert-info\" role=\"alert\">\n\t\t\t<span class=\"elementor-alert-title\">Fill in the Offer ID<\/span>\n\t\t\t\t\t\t\t<span class=\"elementor-alert-description\">You will find the Job ID after entering a specific job offer on the website in the tab <a href=\"https:\/\/kale2.kalerecruitment.com\/en\/offers\/\">\"Jobs\"<\/a><\/span>\n\t\t\t\t\t\t\t\t\t\t<button type=\"button\" class=\"elementor-alert-dismiss\">\n\t\t\t\t\t<span aria-hidden=\"true\">&times;<\/span>\n\t\t\t\t\t<span class=\"elementor-screen-only\">Dismiss alert<\/span>\n\t\t\t\t<\/button>\n\t\t\t\t\t<\/div>\n\t\t\t\t<\/div>\n\t\t\t\t<\/div>\n\t\t\t\t<div class=\"elementor-element elementor-element-043d7bd elementor-button-align-stretch elementor-widget elementor-widget-form\" data-id=\"043d7bd\" data-element_type=\"widget\" data-settings=\"{&quot;step_next_label&quot;:&quot;Next&quot;,&quot;step_previous_label&quot;:&quot;Previous&quot;,&quot;button_width&quot;:&quot;100&quot;,&quot;step_type&quot;:&quot;number_text&quot;,&quot;step_icon_shape&quot;:&quot;circle&quot;}\" data-widget_type=\"form.default\">\n\t\t\t\t<div class=\"elementor-widget-container\">\n\t\t\t\t\t<form class=\"elementor-form\" method=\"post\" name=\"Contact\" action=\"\">\n\t\t\t<input type=\"hidden\" name=\"post_id\" value=\"565\"\/>\n\t\t\t<input type=\"hidden\" name=\"form_id\" value=\"043d7bd\"\/>\n\n\t\t\t\n\t\t\t<div class=\"elementor-form-fields-wrapper elementor-labels-\">\n\t\t\t\t\t\t\t\t<div class=\"elementor-field-type-text elementor-field-group elementor-column elementor-field-group-name elementor-col-50 elementor-field-required\">\n\t\t\t\t\t<label for=\"form-field-name\" class=\"elementor-field-label elementor-screen-only\">Imie<\/label><input size=\"1\" type=\"text\" name=\"form_fields[name]\" id=\"form-field-name\" class=\"elementor-field elementor-size-lg  elementor-field-textual\" placeholder=\"Name\" required=\"required\" aria-required=\"true\">\t\t\t\t<\/div>\n\t\t\t\t\t\t\t\t<div class=\"elementor-field-type-text elementor-field-group elementor-column elementor-field-group-field_de04bb9 elementor-col-50 elementor-field-required\">\n\t\t\t\t\t<label for=\"form-field-field_de04bb9\" class=\"elementor-field-label elementor-screen-only\">Surname<\/label><input size=\"1\" type=\"text\" name=\"form_fields[field_de04bb9]\" id=\"form-field-field_de04bb9\" class=\"elementor-field elementor-size-lg  elementor-field-textual\" placeholder=\"Surname\" required=\"required\" aria-required=\"true\">\t\t\t\t<\/div>\n\t\t\t\t\t\t\t\t<div class=\"elementor-field-type-text elementor-field-group elementor-column elementor-field-group-field_5768e30 elementor-col-50 elementor-field-required\">\n\t\t\t\t\t<label for=\"form-field-field_5768e30\" class=\"elementor-field-label elementor-screen-only\">Email<\/label><input size=\"1\" type=\"text\" name=\"form_fields[field_5768e30]\" id=\"form-field-field_5768e30\" class=\"elementor-field elementor-size-lg  elementor-field-textual\" placeholder=\"Email\" required=\"required\" aria-required=\"true\">\t\t\t\t<\/div>\n\t\t\t\t\t\t\t\t<div class=\"elementor-field-type-text elementor-field-group elementor-column elementor-field-group-field_c2806a9 elementor-col-50\">\n\t\t\t\t\t<label for=\"form-field-field_c2806a9\" class=\"elementor-field-label elementor-screen-only\">Phone<\/label><input size=\"1\" type=\"text\" name=\"form_fields[field_c2806a9]\" id=\"form-field-field_c2806a9\" class=\"elementor-field elementor-size-lg  elementor-field-textual\" placeholder=\"Phone\">\t\t\t\t<\/div>\n\t\t\t\t\t\t\t\t<div class=\"elementor-field-type-select elementor-field-group elementor-column elementor-field-group-field_f402e0c elementor-col-100 elementor-field-required\">\n\t\t\t\t\t<label for=\"form-field-field_f402e0c\" class=\"elementor-field-label elementor-screen-only\">Category<\/label>\t\t<div class=\"elementor-field elementor-select-wrapper\">\n\t\t\t<select name=\"form_fields[field_f402e0c]\" id=\"form-field-field_f402e0c\" class=\"elementor-field-textual elementor-size-lg\" required=\"required\" aria-required=\"true\">\n\t\t\t\t<option value=\"Administracja\">Administration<\/option><option value=\"Ciep\u0142ownictwo\">Heating<\/option><option value=\"Budownictwo\">Civil Engineering<\/option><option value=\"Rozw\u00f3j Biznesu\">Business Development<\/option><option value=\"In\u017cynieria Elektyczna\">Electrical Engineering<\/option><option value=\"Projektowanie Budownictwo\">Civil Design<\/option><option value=\"Projektowanie Elektryczne\">Electrical Design<\/option><option value=\"Architektura\">Architecture<\/option><option value=\"Ochrona \u015arodowska\">Environmental<\/option><option value=\"Handel Energi\u0105\">Energy Trading<\/option><option value=\"Prawo\">Legal<\/option><option value=\"Relacje Zewn\u0119trzne\">Government \/ External Relations<\/option><option value=\"Finanse\/Transakcje\">Finance and Transactions<\/option><option value=\"Ropa i Gaz\">Oil and Gas<\/option><option value=\"Przesy\u0142 energii\">Power and Transmission<\/option><option value=\"Utrzymanie\">Operations and Maitenance<\/option><option value=\"Zarz\u0105dzanie Projektami\">Project Management<\/option><option value=\"Sprzeda\u017c\">Sale<\/option><option value=\"Administracjai Przetargi\">Administrations and Tenders<\/option><option value=\"BHP\">Health and Safety<\/option><option value=\"In\u017cynieria Wiatrowa\">Wind Engineering<\/option><option value=\"Asset Management\">Asset Management<\/option><option value=\"Zarz\u0105dzanie Zasobami Ludzkimi\">Human Resources<\/option><option value=\"Badania i Rozw\u00f3j\">Research and Development<\/option><option value=\"Dostawy i Logistyka\">Supply Chain Management and Logistics<\/option><option value=\"Zarz\u0105dzanie Jako\u015bci\u0105\">Quality Management<\/option><option value=\"Zakupy\">Procurement<\/option><option value=\"In\u017cynieria Sanitarna\">Environmental \/ Sanitary Engineering<\/option><option value=\"Gospodarka Odpadami\">Waste to Energy \/ Recycling<\/option><option value=\"Przechowywanie Energii\">Energy Storage<\/option><option value=\"Fotowoltaika\">Photovoltaics<\/option><option value=\"Marketing i Zarz\u0105dzanie Produktem\">Marketing and Product Management<\/option><option value=\"Analiza \u0179r\u00f3de\u0142 Energii\">Energy Resource Analysis<\/option><option value=\"Zarz\u0105dzanie Aktywami\">Zarz\u0105dzanie Aktywami<\/option><option value=\"Produkcja\">Production<\/option><option value=\"IT\">IT<\/option>\t\t\t<\/select>\n\t\t<\/div>\n\t\t\t\t\t\t<\/div>\n\t\t\t\t\t\t\t\t<div class=\"elementor-field-type-text elementor-field-group elementor-column elementor-field-group-field_df1d700 elementor-col-100\">\n\t\t\t\t\t<label for=\"form-field-field_df1d700\" class=\"elementor-field-label elementor-screen-only\">Current position<\/label><input size=\"1\" type=\"text\" name=\"form_fields[field_df1d700]\" id=\"form-field-field_df1d700\" class=\"elementor-field elementor-size-lg  elementor-field-textual\" placeholder=\"Current position\">\t\t\t\t<\/div>\n\t\t\t\t\t\t\t\t<div class=\"elementor-field-type-text elementor-field-group elementor-column elementor-field-group-field_4da81aa elementor-col-50\">\n\t\t\t\t\t<label for=\"form-field-field_4da81aa\" class=\"elementor-field-label elementor-screen-only\">Salary expectations<\/label><input size=\"1\" type=\"text\" name=\"form_fields[field_4da81aa]\" id=\"form-field-field_4da81aa\" class=\"elementor-field elementor-size-lg  elementor-field-textual\" placeholder=\"Salary expectations\">\t\t\t\t<\/div>\n\t\t\t\t\t\t\t\t<div class=\"elementor-field-type-text elementor-field-group elementor-column elementor-field-group-field_e5c8ace elementor-col-50\">\n\t\t\t\t\t<label for=\"form-field-field_e5c8ace\" class=\"elementor-field-label elementor-screen-only\">Current Salary<\/label><input size=\"1\" type=\"text\" name=\"form_fields[field_e5c8ace]\" id=\"form-field-field_e5c8ace\" class=\"elementor-field elementor-size-lg  elementor-field-textual\" placeholder=\"Current Salary\">\t\t\t\t<\/div>\n\t\t\t\t\t\t\t\t<div class=\"elementor-field-type-text elementor-field-group elementor-column elementor-field-group-field_7a6985a elementor-col-100\">\n\t\t\t\t\t<label for=\"form-field-field_7a6985a\" class=\"elementor-field-label elementor-screen-only\">Notice period<\/label><input size=\"1\" type=\"text\" name=\"form_fields[field_7a6985a]\" id=\"form-field-field_7a6985a\" class=\"elementor-field elementor-size-lg  elementor-field-textual\" placeholder=\"Notice period\">\t\t\t\t<\/div>\n\t\t\t\t\t\t\t\t<div class=\"elementor-field-type-text elementor-field-group elementor-column elementor-field-group-ref_id elementor-col-100\">\n\t\t\t\t\t<input size=\"1\" type=\"text\" name=\"form_fields[ref_id]\" id=\"form-field-ref_id\" class=\"elementor-field elementor-size-lg  elementor-field-textual\" placeholder=\"Offer ID\">\t\t\t\t<\/div>\n\t\t\t\t\t\t\t\t<div class=\"elementor-field-type-textarea elementor-field-group elementor-column elementor-field-group-field_cab873b elementor-col-100\">\n\t\t\t\t\t<label for=\"form-field-field_cab873b\" class=\"elementor-field-label elementor-screen-only\">Comments<\/label><textarea class=\"elementor-field-textual elementor-field  elementor-size-lg\" name=\"form_fields[field_cab873b]\" id=\"form-field-field_cab873b\" rows=\"4\" placeholder=\"Comments\"><\/textarea>\t\t\t\t<\/div>\n\t\t\t\t\t\t\t\t<div class=\"elementor-field-type-upload elementor-field-group elementor-column elementor-field-group-field_b86f1a3 elementor-col-100 elementor-field-required\">\n\t\t\t\t\t<label for=\"form-field-field_b86f1a3\" class=\"elementor-field-label elementor-screen-only\">Submit your CV<\/label><input type=\"file\" name=\"form_fields[field_b86f1a3][]\" id=\"form-field-field_b86f1a3\" class=\"elementor-field elementor-size-lg  elementor-upload-field\" required=\"required\" aria-required=\"true\" multiple=\"multiple\" data-maxsize=\"15\" data-maxsize-message=\"This file exceeds the maximum allowed size.\">\t\t\t\t<\/div>\n\t\t\t\t\t\t\t\t<div class=\"elementor-field-type-recaptcha_v3 elementor-field-group elementor-column elementor-field-group-field_250db75 elementor-col-100 recaptcha_v3-inline\">\n\t\t\t\t\t<div class=\"elementor-field\" id=\"form-field-field_250db75\"><div class=\"elementor-g-recaptcha\" data-sitekey=\"6LeQUGceAAAAAJmvG_M1PVhd3hrHJonJr9mCt7pu\" data-type=\"v3\" data-action=\"Form\" data-badge=\"inline\" data-size=\"invisible\"><\/div><\/div>\t\t\t\t<\/div>\n\t\t\t\t\t\t\t\t<div class=\"elementor-field-type-acceptance elementor-field-group elementor-column elementor-field-group-field_6f93843 elementor-col-100 elementor-field-required\">\n\t\t\t\t\t<label for=\"form-field-field_6f93843\" class=\"elementor-field-label elementor-screen-only\">Acceptance1<\/label><div class=\"elementor-field-subgroup\"><span class=\"elementor-field-option\"><input type=\"checkbox\" name=\"form_fields[field_6f93843]\" id=\"form-field-field_6f93843\" class=\"elementor-field elementor-size-lg  elementor-acceptance-field\" required=\"required\" aria-required=\"true\"> <label for=\"form-field-field_6f93843\">Wyra\u017cam zgod\u0119 na przetwarzanie moich danych osobowych przez firm\u0119 KALE Recruitment dla potrzeb niezb\u0119dnych do realizacji procesu rekrutacji zgodnie z Rozporz\u0105dzeniem Parlamentu Europejskiego i Rady (UE) 2016\/679 z dnia 27 kwietnia 2016 r. w sprawie ochrony os\u00f3b fizycznych w zwi\u0105zku z przetwarzaniem danych osobowych i w sprawie swobodnego przep\u0142ywu takich danych oraz uchylenia dyrektywy 95\/46\/WE (RODO). Zosta\u0142em\/Zosta\u0142am poinformowany\/a, \u017ce posiadam prawo dost\u0119pu do tre\u015bci danych i ich poprawiania oraz \u017ce podanie danych jest dobrowolne.*\n\n<\/label><\/span><\/div>\t\t\t\t<\/div>\n\t\t\t\t\t\t\t\t<div class=\"elementor-field-type-acceptance elementor-field-group elementor-column elementor-field-group-field_278aa42 elementor-col-100 elementor-field-required\">\n\t\t\t\t\t<label for=\"form-field-field_278aa42\" class=\"elementor-field-label elementor-screen-only\">Acceptance4<\/label><div class=\"elementor-field-subgroup\"><span class=\"elementor-field-option\"><input type=\"checkbox\" name=\"form_fields[field_278aa42]\" id=\"form-field-field_278aa42\" class=\"elementor-field elementor-size-lg  elementor-acceptance-field\" required=\"required\" aria-required=\"true\"> <label for=\"form-field-field_278aa42\">I give my voluntary consent for share my personal data with third parties, that cooperate or which will cooperate with KALE Recruitment Muchorska Tarud-Karwowska S.J Data will be shared for described up purposes. I know about my right to access to personal data and rectify it. *<\/label><\/span><\/div>\t\t\t\t<\/div>\n\t\t\t\t\t\t\t\t<div class=\"elementor-field-group elementor-column elementor-field-type-submit elementor-col-100 e-form__buttons\">\n\t\t\t\t\t<button type=\"submit\" class=\"elementor-button elementor-size-lg\">\n\t\t\t\t\t\t<span >\n\t\t\t\t\t\t\t\t\t\t\t\t\t\t\t<span class=\"elementor-button-icon\">\n\t\t\t\t\t\t\t\t\t\t\t\t\t\t\t\t\t\t\t\t\t\t\t\t\t\t<\/span>\n\t\t\t\t\t\t\t\t\t\t\t\t\t\t\t\t\t\t\t\t\t\t<span class=\"elementor-button-text\">SEND<\/span>\n\t\t\t\t\t\t\t\t\t\t\t\t\t<\/span>\n\t\t\t\t\t<\/button>\n\t\t\t\t<\/div>\n\t\t\t<\/div>\n\t\t<input type=\"hidden\" name=\"trp-form-language\" value=\"en\"\/><\/form>\n\t\t\t\t<\/div>\n\t\t\t\t<\/div>\n\t\t\t\t\t\t<\/div>\n\t\t\t\t\t<\/div>\n\t\t<\/div>\n\t\t\t\t\t\t\t\t<\/div>\n\t\t\t\t\t<\/div>\n\t\t<\/section>\n\t\t\t\t\t\t<\/div>\n\t\t\t\t\t\t<\/div>\n\t\t\t\t\t<\/div>","protected":false},"excerpt":{"rendered":"<p>Wy\u015blij CV Wype\u0142nij ID Oferty ID Oferty znajdziesz po wej\u015bciu do konkretnej oferty pracy na stronie w zak\u0142adce &#8222;Oferty pracy&#8221; &times; Odrzu\u0107 alert<\/p>","protected":false},"author":14,"featured_media":0,"parent":0,"menu_order":0,"comment_status":"closed","ping_status":"closed","template":"","meta":{"site-sidebar-layout":"no-sidebar","site-content-layout":"page-builder","ast-global-header-display":"","ast-banner-title-visibility":"","ast-main-header-display":"","ast-hfb-above-header-display":"","ast-hfb-below-header-display":"","ast-hfb-mobile-header-display":"","site-post-title":"disabled","ast-breadcrumbs-content":"","ast-featured-img":"disabled","footer-sml-layout":"","theme-transparent-header-meta":"default","adv-header-id-meta":"","stick-header-meta":"","header-above-stick-meta":"","header-main-stick-meta":"","header-below-stick-meta":""},"publishpress_future_action":{"enabled":false,"date":"0","action":"","terms":[],"taxonomy":""},"_links":{"self":[{"href":"https:\/\/kale2.kalerecruitment.com\/en\/wp-json\/wp\/v2\/pages\/565"}],"collection":[{"href":"https:\/\/kale2.kalerecruitment.com\/en\/wp-json\/wp\/v2\/pages"}],"about":[{"href":"https:\/\/kale2.kalerecruitment.com\/en\/wp-json\/wp\/v2\/types\/page"}],"author":[{"embeddable":true,"href":"https:\/\/kale2.kalerecruitment.com\/en\/wp-json\/wp\/v2\/users\/14"}],"replies":[{"embeddable":true,"href":"https:\/\/kale2.kalerecruitment.com\/en\/wp-json\/wp\/v2\/comments?post=565"}],"version-history":[{"count":57,"href":"https:\/\/kale2.kalerecruitment.com\/en\/wp-json\/wp\/v2\/pages\/565\/revisions"}],"predecessor-version":[{"id":2433,"href":"https:\/\/kale2.kalerecruitment.com\/en\/wp-json\/wp\/v2\/pages\/565\/revisions\/2433"}],"wp:attachment":[{"href":"https:\/\/kale2.kalerecruitment.com\/en\/wp-json\/wp\/v2\/media?parent=565"}],"curies":[{"name":"wp","href":"https:\/\/api.w.org\/{rel}","templated":true}]}}